{"id":143,"date":"2025-05-05T21:44:54","date_gmt":"2025-05-05T21:44:54","guid":{"rendered":"https:\/\/boxofdrama.com\/?page_id=143"},"modified":"2025-12-11T18:00:25","modified_gmt":"2025-12-11T18:00:25","slug":"about-us","status":"publish","type":"page","link":"https:\/\/boxofdrama.com\/pl\/about-us\/","title":{"rendered":"O nas"},"content":{"rendered":"<p>Witamy w Box of Drama, Twoim najwa\u017cniejszym centrum rozrywki. Niezale\u017cnie od tego, czy szukasz najnowszych recenzji seriali, dog\u0142\u0119bnych analiz \u015bwiata aplikacji, czy og\u00f3lnych porad dotycz\u0105cych rozrywki, Box of Drama ma co\u015b dla ka\u017cdego mi\u0142o\u015bnika rozrywki. Nasz\u0105 misj\u0105 jest dostarczanie Ci aktualnych i inspiruj\u0105cych tre\u015bci, od recenzji film\u00f3w i seriali przez ekspert\u00f3w po cenne porady dotycz\u0105ce poruszania si\u0119 po \u015bwiecie cyfrowej rozrywki.<\/p>\n\n\n\n<h2 class=\"wp-block-heading\">Kim jeste\u015bmy<\/h2>\n\n\n\n<p>Box of Drama to zesp\u00f3\u0142 pasjonat\u00f3w rozrywki, kt\u00f3rzy z zaanga\u017cowaniem odkrywaj\u0105 i analizuj\u0105 najnowsze trendy na r\u00f3\u017cnych platformach cyfrowych. Oferujemy przemy\u015blane i dog\u0142\u0119bne analizy film\u00f3w, seriali, aplikacji i narz\u0119dzi rozrywkowych, zaprojektowane tak, aby pom\u00f3c Ci porusza\u0107 si\u0119 po stale ewoluuj\u0105cym krajobrazie medialnym. Naszym celem jest uczynienie Twojej rozrywki \u0142atwiejsz\u0105, m\u0105drzejsz\u0105 i przyjemniejsz\u0105 dzi\u0119ki rzetelnym recenzjom i praktycznym spostrze\u017ceniom.<\/p>\n\n\n\n<h2 class=\"wp-block-heading\">Co oferujemy<\/h2>\n\n\n\n<p>W Box of Drama staramy si\u0119 sprosta\u0107 oczekiwaniom zar\u00f3wno zwyk\u0142ych widz\u00f3w, jak i zagorza\u0142ych fan\u00f3w rozrywki. Oto, czego mo\u017cesz oczekiwa\u0107 od naszej platformy:<\/p>\n\n\n\n<p>\ud83d\udd39 <strong>Najlepsze wybory program\u00f3w, film\u00f3w i aplikacji<\/strong><br>Odkryj najlepsze tre\u015bci i platformy, kt\u00f3re umil\u0105 Tw\u00f3j wolny czas dzi\u0119ki wysokiej jako\u015bci rozrywce. Wybieramy najlepsze filmy, seriale i aplikacje, kt\u00f3re zas\u0142uguj\u0105 na Twoj\u0105 uwag\u0119.<\/p>\n\n\n\n<p>\ud83d\udd39 <strong>Przewodniki krok po kroku dotycz\u0105ce streamingu<\/strong><br>Chcesz zoptymalizowa\u0107 swoje wra\u017cenia ze streamingu? Nasze szczeg\u00f3\u0142owe samouczki zawieraj\u0105 proste instrukcje, kt\u00f3re pomog\u0105 Ci w pe\u0142ni wykorzysta\u0107 mo\u017cliwo\u015bci Twoich narz\u0119dzi rozrywkowych, od platform streamingowych po aplikacje.<\/p>\n\n\n\n<p>\ud83d\udd39 <strong>Najnowsze wiadomo\u015bci bran\u017cowe<\/strong><br>B\u0105d\u017a na bie\u017c\u0105co ze wszystkim, co dzieje si\u0119 w \u015bwiecie rozrywki. Od trend\u00f3w streamingu po technologiczne post\u0119py w wizualnym opowiadaniu historii \u2013 zapewniamy Ci najnowsze informacje.<\/p>\n\n\n\n<p>\ud83d\udd39 <strong>G\u0142\u0119boka analiza rozrywki<\/strong><br>Zanurz si\u0119 g\u0142\u0119boko w \u015bwiat film\u00f3w, seriali i medi\u00f3w interaktywnych. Przyjrzymy si\u0119, jak innowacje cyfrowe zmieniaj\u0105 spos\u00f3b opowiadania historii i jaka przysz\u0142o\u015b\u0107 czeka rozrywk\u0119.<\/p>\n\n\n\n<p>\ud83d\udd39 <strong>Bezstronne recenzje<\/strong><br>Nasze recenzje opieraj\u0105 si\u0119 na dog\u0142\u0119bnych badaniach i analizach, dzi\u0119ki czemu dostarczaj\u0105 Ci przejrzystych i uczciwych opinii, kt\u00f3re pomog\u0105 Ci podj\u0105\u0107 \u015bwiadom\u0105 decyzj\u0119 przy wyborze tego, co obejrze\u0107 lub z kt\u00f3rej aplikacji skorzysta\u0107.<\/p>\n\n\n\n<h2 class=\"wp-block-heading\">Zastrze\u017cenie prawne<\/h2>\n\n\n\n<p>Box of Drama to niezale\u017cna platforma rozrywkowa, niezwi\u0105zana z \u017cadnymi markami, firmami ani produkcjami wymienionymi na naszej stronie. Wszystkie tre\u015bci powstaj\u0105 w oparciu o staranne badania i obiektywne analizy, maj\u0105ce na celu oferowanie pouczaj\u0105cych spostrze\u017ce\u0144 na temat \u015bwiata filmu, seriali, kr\u00f3tkometra\u017cowych dramat\u00f3w i rozrywki cyfrowej.<\/p>\n\n\n\n<p>Nasze recenzje, poradniki i rekomendacje maj\u0105 charakter wy\u0142\u0105cznie informacyjny i nie nale\u017cy ich traktowa\u0107 jako rekomendacji ani partnerstwa komercyjnego. Dok\u0142adamy wszelkich stara\u0144, aby informacje by\u0142y rzetelne i uczciwe, ale zach\u0119camy u\u017cytkownik\u00f3w do przeprowadzenia w\u0142asnych bada\u0144 przed podj\u0119ciem decyzji dotycz\u0105cych platform streamingowych, us\u0142ug lub tre\u015bci rozrywkowych.<\/p>\n\n\n\n<p>W Box of Drama staramy si\u0119 dostarcza\u0107 rzetelne i dog\u0142\u0119bnie zbadane tre\u015bci, dzi\u0119ki kt\u00f3rym mo\u017cesz poznawa\u0107 \u015bwiat rozrywki pewnie i przejrzy\u015bcie.<\/p>","protected":false},"excerpt":{"rendered":"<p>Witamy w Box of Drama, Twoim najwa\u017cniejszym centrum rozrywki. Niezale\u017cnie od tego, czy szukasz najnowszych recenzji seriali, [\u2026]<\/p>","protected":false},"author":6,"featured_media":0,"parent":0,"menu_order":0,"comment_status":"closed","ping_status":"closed","template":"","meta":{"_uag_custom_page_level_css":"","site-sidebar-layout":"default","site-content-layout":"","ast-site-content-layout":"default","site-content-style":"default","site-sidebar-style":"default","ast-global-header-display":"","ast-banner-title-visibility":"","ast-main-header-display":"","ast-hfb-above-header-display":"","ast-hfb-below-header-display":"","ast-hfb-mobile-header-display":"","site-post-title":"","ast-breadcrumbs-content":"","ast-featured-img":"","footer-sml-layout":"","theme-transparent-header-meta":"","adv-header-id-meta":"","stick-header-meta":"","header-above-stick-meta":"","header-main-stick-meta":"","header-below-stick-meta":"","astra-migrate-meta-layouts":"set","ast-page-background-enabled":"default","ast-page-background-meta":{"desktop":{"background-color":"var(--ast-global-color-4)","background-image":"","background-repeat":"repeat","background-position":"center center","background-size":"auto","background-attachment":"scroll","background-type":"","background-media":"","overlay-type":"","overlay-color":"","overlay-opacity":"","overlay-gradient":""},"tablet":{"background-color":"","background-image":"","background-repeat":"repeat","background-position":"center center","background-size":"auto","background-attachment":"scroll","background-type":"","background-media":"","overlay-type":"","overlay-color":"","overlay-opacity":"","overlay-gradient":""},"mobile":{"background-color":"","background-image":"","background-repeat":"repeat","background-position":"center center","background-size":"auto","background-attachment":"scroll","background-type":"","background-media":"","overlay-type":"","overlay-color":"","overlay-opacity":"","overlay-gradient":""}},"ast-content-background-meta":{"desktop":{"background-color":"var(--ast-global-color-5)","background-image":"","background-repeat":"repeat","background-position":"center center","background-size":"auto","background-attachment":"scroll","background-type":"","background-media":"","overlay-type":"","overlay-color":"","overlay-opacity":"","overlay-gradient":""},"tablet":{"background-color":"var(--ast-global-color-5)","background-image":"","background-repeat":"repeat","background-position":"center center","background-size":"auto","background-attachment":"scroll","background-type":"","background-media":"","overlay-type":"","overlay-color":"","overlay-opacity":"","overlay-gradient":""},"mobile":{"background-color":"var(--ast-global-color-5)","background-image":"","background-repeat":"repeat","background-position":"center center","background-size":"auto","background-attachment":"scroll","background-type":"","background-media":"","overlay-type":"","overlay-color":"","overlay-opacity":"","overlay-gradient":""}},"footnotes":""},"yoast_head":"<!-- This site is optimized with the Yoast SEO plugin v23.3 - https:\/\/yoast.com\/wordpress\/plugins\/seo\/ -->\n<title>About Us - Box of Drama<\/title>\n<meta name=\"robots\" content=\"index, follow, max-snippet:-1, max-image-preview:large, max-video-preview:-1\" \/>\n<link rel=\"canonical\" href=\"https:\/\/boxofdrama.com\/pl\/about-us\/\" \/>\n<meta property=\"og:locale\" content=\"pl_PL\" \/>\n<meta property=\"og:type\" content=\"article\" \/>\n<meta property=\"og:title\" content=\"About Us - Box of Drama\" \/>\n<meta property=\"og:description\" content=\"Welcome to Box of Drama, your ultimate hub for all things entertainment. Whether you&#8217;re here for the latest series reviews, [&hellip;]\" \/>\n<meta property=\"og:url\" content=\"https:\/\/boxofdrama.com\/pl\/about-us\/\" \/>\n<meta property=\"og:site_name\" content=\"Box of Drama\" \/>\n<meta property=\"article:modified_time\" content=\"2025-12-11T18:00:25+00:00\" \/>\n<meta name=\"twitter:card\" content=\"summary_large_image\" \/>\n<meta name=\"twitter:label1\" content=\"Est. reading time\" \/>\n\t<meta name=\"twitter:data1\" content=\"2 minuty\" \/>\n<script type=\"application\/ld+json\" class=\"yoast-schema-graph\">{\"@context\":\"https:\/\/schema.org\",\"@graph\":[{\"@type\":\"WebPage\",\"@id\":\"https:\/\/boxofdrama.com\/about-us\/\",\"url\":\"https:\/\/boxofdrama.com\/about-us\/\",\"name\":\"About Us - Box of Drama\",\"isPartOf\":{\"@id\":\"https:\/\/boxofdrama.com\/#website\"},\"datePublished\":\"2025-05-05T21:44:54+00:00\",\"dateModified\":\"2025-12-11T18:00:25+00:00\",\"breadcrumb\":{\"@id\":\"https:\/\/boxofdrama.com\/about-us\/#breadcrumb\"},\"inLanguage\":\"pl-PL\",\"potentialAction\":[{\"@type\":\"ReadAction\",\"target\":[\"https:\/\/boxofdrama.com\/about-us\/\"]}]},{\"@type\":\"BreadcrumbList\",\"@id\":\"https:\/\/boxofdrama.com\/about-us\/#breadcrumb\",\"itemListElement\":[{\"@type\":\"ListItem\",\"position\":1,\"name\":\"Home\",\"item\":\"https:\/\/boxofdrama.com\/\"},{\"@type\":\"ListItem\",\"position\":2,\"name\":\"About Us\"}]},{\"@type\":\"WebSite\",\"@id\":\"https:\/\/boxofdrama.com\/#website\",\"url\":\"https:\/\/boxofdrama.com\/\",\"name\":\"Box of Drama\",\"description\":\"\",\"publisher\":{\"@id\":\"https:\/\/boxofdrama.com\/#organization\"},\"potentialAction\":[{\"@type\":\"SearchAction\",\"target\":{\"@type\":\"EntryPoint\",\"urlTemplate\":\"https:\/\/boxofdrama.com\/?s={search_term_string}\"},\"query-input\":\"required name=search_term_string\"}],\"inLanguage\":\"pl-PL\"},{\"@type\":\"Organization\",\"@id\":\"https:\/\/boxofdrama.com\/#organization\",\"name\":\"Box of Drama\",\"url\":\"https:\/\/boxofdrama.com\/\",\"logo\":{\"@type\":\"ImageObject\",\"inLanguage\":\"pl-PL\",\"@id\":\"https:\/\/boxofdrama.com\/#\/schema\/logo\/image\/\",\"url\":\"https:\/\/boxofdrama.com\/wp-content\/uploads\/sites\/237\/2025\/05\/cropped-box-of-drama-3.png\",\"contentUrl\":\"https:\/\/boxofdrama.com\/wp-content\/uploads\/sites\/237\/2025\/05\/cropped-box-of-drama-3.png\",\"width\":1023,\"height\":1023,\"caption\":\"Box of Drama\"},\"image\":{\"@id\":\"https:\/\/boxofdrama.com\/#\/schema\/logo\/image\/\"}}]}<\/script>\n<!-- \/ Yoast SEO plugin. -->","yoast_head_json":{"title":"About Us - Box of Drama","robots":{"index":"index","follow":"follow","max-snippet":"max-snippet:-1","max-image-preview":"max-image-preview:large","max-video-preview":"max-video-preview:-1"},"canonical":"https:\/\/boxofdrama.com\/pl\/about-us\/","og_locale":"pl_PL","og_type":"article","og_title":"About Us - Box of Drama","og_description":"Welcome to Box of Drama, your ultimate hub for all things entertainment. Whether you&#8217;re here for the latest series reviews, [&hellip;]","og_url":"https:\/\/boxofdrama.com\/pl\/about-us\/","og_site_name":"Box of Drama","article_modified_time":"2025-12-11T18:00:25+00:00","twitter_card":"summary_large_image","twitter_misc":{"Est. reading time":"2 minuty"},"schema":{"@context":"https:\/\/schema.org","@graph":[{"@type":"WebPage","@id":"https:\/\/boxofdrama.com\/about-us\/","url":"https:\/\/boxofdrama.com\/about-us\/","name":"About Us - Box of Drama","isPartOf":{"@id":"https:\/\/boxofdrama.com\/#website"},"datePublished":"2025-05-05T21:44:54+00:00","dateModified":"2025-12-11T18:00:25+00:00","breadcrumb":{"@id":"https:\/\/boxofdrama.com\/about-us\/#breadcrumb"},"inLanguage":"pl-PL","potentialAction":[{"@type":"ReadAction","target":["https:\/\/boxofdrama.com\/about-us\/"]}]},{"@type":"BreadcrumbList","@id":"https:\/\/boxofdrama.com\/about-us\/#breadcrumb","itemListElement":[{"@type":"ListItem","position":1,"name":"Home","item":"https:\/\/boxofdrama.com\/"},{"@type":"ListItem","position":2,"name":"About Us"}]},{"@type":"WebSite","@id":"https:\/\/boxofdrama.com\/#website","url":"https:\/\/boxofdrama.com\/","name":"Box of Drama","description":"","publisher":{"@id":"https:\/\/boxofdrama.com\/#organization"},"potentialAction":[{"@type":"SearchAction","target":{"@type":"EntryPoint","urlTemplate":"https:\/\/boxofdrama.com\/?s={search_term_string}"},"query-input":"required name=search_term_string"}],"inLanguage":"pl-PL"},{"@type":"Organization","@id":"https:\/\/boxofdrama.com\/#organization","name":"Box of Drama","url":"https:\/\/boxofdrama.com\/","logo":{"@type":"ImageObject","inLanguage":"pl-PL","@id":"https:\/\/boxofdrama.com\/#\/schema\/logo\/image\/","url":"https:\/\/boxofdrama.com\/wp-content\/uploads\/sites\/237\/2025\/05\/cropped-box-of-drama-3.png","contentUrl":"https:\/\/boxofdrama.com\/wp-content\/uploads\/sites\/237\/2025\/05\/cropped-box-of-drama-3.png","width":1023,"height":1023,"caption":"Box of Drama"},"image":{"@id":"https:\/\/boxofdrama.com\/#\/schema\/logo\/image\/"}}]}},"uagb_featured_image_src":{"full":false,"thumbnail":false,"medium":false,"medium_large":false,"large":false,"1536x1536":false,"2048x2048":false,"trp-custom-language-flag":false},"uagb_author_info":{"display_name":"rafaelagregoriopinho","author_link":"https:\/\/boxofdrama.com\/pl\/author\/rafaelagregoriopinho\/"},"uagb_comment_info":0,"uagb_excerpt":"Welcome to Box of Drama, your ultimate hub for all things entertainment. Whether you&#8217;re here for the latest series reviews, [&hellip;]","_links":{"self":[{"href":"https:\/\/boxofdrama.com\/pl\/wp-json\/wp\/v2\/pages\/143"}],"collection":[{"href":"https:\/\/boxofdrama.com\/pl\/wp-json\/wp\/v2\/pages"}],"about":[{"href":"https:\/\/boxofdrama.com\/pl\/wp-json\/wp\/v2\/types\/page"}],"author":[{"embeddable":true,"href":"https:\/\/boxofdrama.com\/pl\/wp-json\/wp\/v2\/users\/6"}],"replies":[{"embeddable":true,"href":"https:\/\/boxofdrama.com\/pl\/wp-json\/wp\/v2\/comments?post=143"}],"version-history":[{"count":2,"href":"https:\/\/boxofdrama.com\/pl\/wp-json\/wp\/v2\/pages\/143\/revisions"}],"predecessor-version":[{"id":1278,"href":"https:\/\/boxofdrama.com\/pl\/wp-json\/wp\/v2\/pages\/143\/revisions\/1278"}],"wp:attachment":[{"href":"https:\/\/boxofdrama.com\/pl\/wp-json\/wp\/v2\/media?parent=143"}],"curies":[{"name":"wp","href":"https:\/\/api.w.org\/{rel}","templated":true}]}}