{"id":143,"date":"2025-05-05T21:44:54","date_gmt":"2025-05-05T21:44:54","guid":{"rendered":"https:\/\/boxofdrama.com\/?page_id=143"},"modified":"2025-12-11T18:00:25","modified_gmt":"2025-12-11T18:00:25","slug":"about-us","status":"publish","type":"page","link":"https:\/\/boxofdrama.com\/pt\/about-us\/","title":{"rendered":"Sobre n\u00f3s"},"content":{"rendered":"<p>Bem-vindo(a) ao Box of Drama, seu ponto de encontro definitivo para tudo relacionado ao entretenimento. Seja para conferir as \u00faltimas resenhas de s\u00e9ries, explorar o mundo dos aplicativos ou obter dicas gerais de entretenimento, o Box of Drama tem algo para todos os entusiastas. Nossa miss\u00e3o \u00e9 manter voc\u00ea atualizado(a) e inspirado(a) com conte\u00fado abrangente, que vai desde an\u00e1lises especializadas de filmes e s\u00e9ries at\u00e9 conselhos valiosos sobre como navegar no mundo do entretenimento digital.<\/p>\n\n\n\n<h2 class=\"wp-block-heading\">Quem Somos<\/h2>\n\n\n\n<p>A Box of Drama \u00e9 uma equipe de apaixonados por entretenimento, dedicada a explorar e analisar as \u00faltimas tend\u00eancias em diversas plataformas digitais. Oferecemos an\u00e1lises criteriosas e aprofundadas de filmes, s\u00e9ries, aplicativos e ferramentas de entretenimento, tudo pensado para ajudar voc\u00ea a navegar pelo cen\u00e1rio midi\u00e1tico em constante evolu\u00e7\u00e3o. Nosso objetivo \u00e9 tornar sua experi\u00eancia de entretenimento mais f\u00e1cil, inteligente e prazerosa, com an\u00e1lises honestas e dicas pr\u00e1ticas.<\/p>\n\n\n\n<h2 class=\"wp-block-heading\">O que oferecemos<\/h2>\n\n\n\n<p>Na Box of Drama, nos esfor\u00e7amos para atender tanto espectadores casuais quanto f\u00e3s de entretenimento mais exigentes. Aqui est\u00e1 um resumo do que voc\u00ea pode esperar da nossa plataforma:<\/p>\n\n\n\n<p>\ud83d\udd39 <strong>Melhores op\u00e7\u00f5es de s\u00e9ries, filmes e aplicativos<\/strong><br>Descubra o melhor conte\u00fado e as plataformas que podem enriquecer seu tempo livre com entretenimento de alta qualidade. Selecionamos as melhores op\u00e7\u00f5es em filmes, s\u00e9ries e aplicativos que merecem sua aten\u00e7\u00e3o.<\/p>\n\n\n\n<p>\ud83d\udd39 <strong>Guias de streaming passo a passo<\/strong><br>Quer otimizar sua experi\u00eancia de streaming? Nossos tutoriais detalhados oferecem instru\u00e7\u00f5es f\u00e1ceis de seguir para ajud\u00e1-lo a aproveitar ao m\u00e1ximo suas ferramentas de entretenimento, desde plataformas de streaming at\u00e9 aplicativos.<\/p>\n\n\n\n<p>\ud83d\udd39 <strong>\u00daltimas not\u00edcias do setor<\/strong><br>Fique por dentro de tudo o que acontece no mundo do entretenimento. Das tend\u00eancias de streaming aos avan\u00e7os tecnol\u00f3gicos na narrativa visual, trazemos para voc\u00ea as \u00faltimas novidades.<\/p>\n\n\n\n<p>\ud83d\udd39 <strong>An\u00e1lise aprofundada de entretenimento<\/strong><br>Mergulhe no mundo dos filmes, s\u00e9ries e m\u00eddias interativas. Explore como a inova\u00e7\u00e3o digital est\u00e1 remodelando a narrativa e o que o futuro reserva para o entretenimento.<\/p>\n\n\n\n<p>\ud83d\udd39 <strong>Avalia\u00e7\u00f5es imparciais<\/strong><br>Nossas avalia\u00e7\u00f5es s\u00e3o baseadas em pesquisas e an\u00e1lises minuciosas, oferecendo opini\u00f5es transparentes e honestas para ajud\u00e1-lo a tomar decis\u00f5es mais informadas ao escolher o que assistir ou qual aplicativo usar.<\/p>\n\n\n\n<h2 class=\"wp-block-heading\">Isen\u00e7\u00e3o de responsabilidade legal<\/h2>\n\n\n\n<p>Box of Drama \u00e9 uma plataforma de entretenimento independente, sem qualquer v\u00ednculo com as marcas, empresas ou produ\u00e7\u00f5es mencionadas em nosso site. Todo o conte\u00fado \u00e9 criado por meio de pesquisa cuidadosa e an\u00e1lise imparcial, com o objetivo de oferecer informa\u00e7\u00f5es relevantes sobre o mundo do cinema, s\u00e9ries, curtas-metragens e entretenimento digital.<\/p>\n\n\n\n<p>Nossas an\u00e1lises, guias e recomenda\u00e7\u00f5es t\u00eam car\u00e1ter meramente informativo e n\u00e3o devem ser interpretadas como endossos ou parcerias comerciais. Nos esfor\u00e7amos pela precis\u00e3o e imparcialidade, mas incentivamos os usu\u00e1rios a realizarem suas pr\u00f3prias pesquisas antes de tomarem decis\u00f5es relacionadas a plataformas de streaming, servi\u00e7os ou conte\u00fado de entretenimento.<\/p>\n\n\n\n<p>Na Box of Drama, temos o compromisso de fornecer conte\u00fado confi\u00e1vel e minuciosamente pesquisado para que voc\u00ea possa explorar o mundo do entretenimento com confian\u00e7a e clareza.<\/p>","protected":false},"excerpt":{"rendered":"<p>Bem-vindo(a) ao Box of Drama, seu ponto de encontro definitivo para tudo relacionado ao entretenimento. Se voc\u00ea est\u00e1 aqui para conferir as \u00faltimas resenhas de s\u00e9ries, [\u2026]<\/p>","protected":false},"author":6,"featured_media":0,"parent":0,"menu_order":0,"comment_status":"closed","ping_status":"closed","template":"","meta":{"_uag_custom_page_level_css":"","site-sidebar-layout":"default","site-content-layout":"","ast-site-content-layout":"default","site-content-style":"default","site-sidebar-style":"default","ast-global-header-display":"","ast-banner-title-visibility":"","ast-main-header-display":"","ast-hfb-above-header-display":"","ast-hfb-below-header-display":"","ast-hfb-mobile-header-display":"","site-post-title":"","ast-breadcrumbs-content":"","ast-featured-img":"","footer-sml-layout":"","theme-transparent-header-meta":"","adv-header-id-meta":"","stick-header-meta":"","header-above-stick-meta":"","header-main-stick-meta":"","header-below-stick-meta":"","astra-migrate-meta-layouts":"set","ast-page-background-enabled":"default","ast-page-background-meta":{"desktop":{"background-color":"var(--ast-global-color-4)","background-image":"","background-repeat":"repeat","background-position":"center center","background-size":"auto","background-attachment":"scroll","background-type":"","background-media":"","overlay-type":"","overlay-color":"","overlay-opacity":"","overlay-gradient":""},"tablet":{"background-color":"","background-image":"","background-repeat":"repeat","background-position":"center center","background-size":"auto","background-attachment":"scroll","background-type":"","background-media":"","overlay-type":"","overlay-color":"","overlay-opacity":"","overlay-gradient":""},"mobile":{"background-color":"","background-image":"","background-repeat":"repeat","background-position":"center center","background-size":"auto","background-attachment":"scroll","background-type":"","background-media":"","overlay-type":"","overlay-color":"","overlay-opacity":"","overlay-gradient":""}},"ast-content-background-meta":{"desktop":{"background-color":"var(--ast-global-color-5)","background-image":"","background-repeat":"repeat","background-position":"center center","background-size":"auto","background-attachment":"scroll","background-type":"","background-media":"","overlay-type":"","overlay-color":"","overlay-opacity":"","overlay-gradient":""},"tablet":{"background-color":"var(--ast-global-color-5)","background-image":"","background-repeat":"repeat","background-position":"center center","background-size":"auto","background-attachment":"scroll","background-type":"","background-media":"","overlay-type":"","overlay-color":"","overlay-opacity":"","overlay-gradient":""},"mobile":{"background-color":"var(--ast-global-color-5)","background-image":"","background-repeat":"repeat","background-position":"center center","background-size":"auto","background-attachment":"scroll","background-type":"","background-media":"","overlay-type":"","overlay-color":"","overlay-opacity":"","overlay-gradient":""}},"footnotes":""},"yoast_head":"<!-- This site is optimized with the Yoast SEO plugin v23.3 - https:\/\/yoast.com\/wordpress\/plugins\/seo\/ -->\n<title>About Us - Box of Drama<\/title>\n<meta name=\"robots\" content=\"index, follow, max-snippet:-1, max-image-preview:large, max-video-preview:-1\" \/>\n<link rel=\"canonical\" href=\"https:\/\/boxofdrama.com\/pt\/about-us\/\" \/>\n<meta property=\"og:locale\" content=\"pt_BR\" \/>\n<meta property=\"og:type\" content=\"article\" \/>\n<meta property=\"og:title\" content=\"About Us - Box of Drama\" \/>\n<meta property=\"og:description\" content=\"Welcome to Box of Drama, your ultimate hub for all things entertainment. Whether you&#8217;re here for the latest series reviews, [&hellip;]\" \/>\n<meta property=\"og:url\" content=\"https:\/\/boxofdrama.com\/pt\/about-us\/\" \/>\n<meta property=\"og:site_name\" content=\"Box of Drama\" \/>\n<meta property=\"article:modified_time\" content=\"2025-12-11T18:00:25+00:00\" \/>\n<meta name=\"twitter:card\" content=\"summary_large_image\" \/>\n<meta name=\"twitter:label1\" content=\"Est. reading time\" \/>\n\t<meta name=\"twitter:data1\" content=\"2 minutos\" \/>\n<script type=\"application\/ld+json\" class=\"yoast-schema-graph\">{\"@context\":\"https:\/\/schema.org\",\"@graph\":[{\"@type\":\"WebPage\",\"@id\":\"https:\/\/boxofdrama.com\/about-us\/\",\"url\":\"https:\/\/boxofdrama.com\/about-us\/\",\"name\":\"About Us - Box of Drama\",\"isPartOf\":{\"@id\":\"https:\/\/boxofdrama.com\/#website\"},\"datePublished\":\"2025-05-05T21:44:54+00:00\",\"dateModified\":\"2025-12-11T18:00:25+00:00\",\"breadcrumb\":{\"@id\":\"https:\/\/boxofdrama.com\/about-us\/#breadcrumb\"},\"inLanguage\":\"pt-BR\",\"potentialAction\":[{\"@type\":\"ReadAction\",\"target\":[\"https:\/\/boxofdrama.com\/about-us\/\"]}]},{\"@type\":\"BreadcrumbList\",\"@id\":\"https:\/\/boxofdrama.com\/about-us\/#breadcrumb\",\"itemListElement\":[{\"@type\":\"ListItem\",\"position\":1,\"name\":\"Home\",\"item\":\"https:\/\/boxofdrama.com\/\"},{\"@type\":\"ListItem\",\"position\":2,\"name\":\"About Us\"}]},{\"@type\":\"WebSite\",\"@id\":\"https:\/\/boxofdrama.com\/#website\",\"url\":\"https:\/\/boxofdrama.com\/\",\"name\":\"Box of Drama\",\"description\":\"\",\"publisher\":{\"@id\":\"https:\/\/boxofdrama.com\/#organization\"},\"potentialAction\":[{\"@type\":\"SearchAction\",\"target\":{\"@type\":\"EntryPoint\",\"urlTemplate\":\"https:\/\/boxofdrama.com\/?s={search_term_string}\"},\"query-input\":\"required name=search_term_string\"}],\"inLanguage\":\"pt-BR\"},{\"@type\":\"Organization\",\"@id\":\"https:\/\/boxofdrama.com\/#organization\",\"name\":\"Box of Drama\",\"url\":\"https:\/\/boxofdrama.com\/\",\"logo\":{\"@type\":\"ImageObject\",\"inLanguage\":\"pt-BR\",\"@id\":\"https:\/\/boxofdrama.com\/#\/schema\/logo\/image\/\",\"url\":\"https:\/\/boxofdrama.com\/wp-content\/uploads\/sites\/237\/2025\/05\/cropped-box-of-drama-3.png\",\"contentUrl\":\"https:\/\/boxofdrama.com\/wp-content\/uploads\/sites\/237\/2025\/05\/cropped-box-of-drama-3.png\",\"width\":1023,\"height\":1023,\"caption\":\"Box of Drama\"},\"image\":{\"@id\":\"https:\/\/boxofdrama.com\/#\/schema\/logo\/image\/\"}}]}<\/script>\n<!-- \/ Yoast SEO plugin. -->","yoast_head_json":{"title":"About Us - Box of Drama","robots":{"index":"index","follow":"follow","max-snippet":"max-snippet:-1","max-image-preview":"max-image-preview:large","max-video-preview":"max-video-preview:-1"},"canonical":"https:\/\/boxofdrama.com\/pt\/about-us\/","og_locale":"pt_BR","og_type":"article","og_title":"About Us - Box of Drama","og_description":"Welcome to Box of Drama, your ultimate hub for all things entertainment. Whether you&#8217;re here for the latest series reviews, [&hellip;]","og_url":"https:\/\/boxofdrama.com\/pt\/about-us\/","og_site_name":"Box of Drama","article_modified_time":"2025-12-11T18:00:25+00:00","twitter_card":"summary_large_image","twitter_misc":{"Est. reading time":"2 minutos"},"schema":{"@context":"https:\/\/schema.org","@graph":[{"@type":"WebPage","@id":"https:\/\/boxofdrama.com\/about-us\/","url":"https:\/\/boxofdrama.com\/about-us\/","name":"About Us - Box of Drama","isPartOf":{"@id":"https:\/\/boxofdrama.com\/#website"},"datePublished":"2025-05-05T21:44:54+00:00","dateModified":"2025-12-11T18:00:25+00:00","breadcrumb":{"@id":"https:\/\/boxofdrama.com\/about-us\/#breadcrumb"},"inLanguage":"pt-BR","potentialAction":[{"@type":"ReadAction","target":["https:\/\/boxofdrama.com\/about-us\/"]}]},{"@type":"BreadcrumbList","@id":"https:\/\/boxofdrama.com\/about-us\/#breadcrumb","itemListElement":[{"@type":"ListItem","position":1,"name":"Home","item":"https:\/\/boxofdrama.com\/"},{"@type":"ListItem","position":2,"name":"About Us"}]},{"@type":"WebSite","@id":"https:\/\/boxofdrama.com\/#website","url":"https:\/\/boxofdrama.com\/","name":"Box of Drama","description":"","publisher":{"@id":"https:\/\/boxofdrama.com\/#organization"},"potentialAction":[{"@type":"SearchAction","target":{"@type":"EntryPoint","urlTemplate":"https:\/\/boxofdrama.com\/?s={search_term_string}"},"query-input":"required name=search_term_string"}],"inLanguage":"pt-BR"},{"@type":"Organization","@id":"https:\/\/boxofdrama.com\/#organization","name":"Box of Drama","url":"https:\/\/boxofdrama.com\/","logo":{"@type":"ImageObject","inLanguage":"pt-BR","@id":"https:\/\/boxofdrama.com\/#\/schema\/logo\/image\/","url":"https:\/\/boxofdrama.com\/wp-content\/uploads\/sites\/237\/2025\/05\/cropped-box-of-drama-3.png","contentUrl":"https:\/\/boxofdrama.com\/wp-content\/uploads\/sites\/237\/2025\/05\/cropped-box-of-drama-3.png","width":1023,"height":1023,"caption":"Box of Drama"},"image":{"@id":"https:\/\/boxofdrama.com\/#\/schema\/logo\/image\/"}}]}},"uagb_featured_image_src":{"full":false,"thumbnail":false,"medium":false,"medium_large":false,"large":false,"1536x1536":false,"2048x2048":false,"trp-custom-language-flag":false},"uagb_author_info":{"display_name":"rafaelagregoriopinho","author_link":"https:\/\/boxofdrama.com\/pt\/author\/rafaelagregoriopinho\/"},"uagb_comment_info":0,"uagb_excerpt":"Welcome to Box of Drama, your ultimate hub for all things entertainment. Whether you&#8217;re here for the latest series reviews, [&hellip;]","_links":{"self":[{"href":"https:\/\/boxofdrama.com\/pt\/wp-json\/wp\/v2\/pages\/143"}],"collection":[{"href":"https:\/\/boxofdrama.com\/pt\/wp-json\/wp\/v2\/pages"}],"about":[{"href":"https:\/\/boxofdrama.com\/pt\/wp-json\/wp\/v2\/types\/page"}],"author":[{"embeddable":true,"href":"https:\/\/boxofdrama.com\/pt\/wp-json\/wp\/v2\/users\/6"}],"replies":[{"embeddable":true,"href":"https:\/\/boxofdrama.com\/pt\/wp-json\/wp\/v2\/comments?post=143"}],"version-history":[{"count":2,"href":"https:\/\/boxofdrama.com\/pt\/wp-json\/wp\/v2\/pages\/143\/revisions"}],"predecessor-version":[{"id":1278,"href":"https:\/\/boxofdrama.com\/pt\/wp-json\/wp\/v2\/pages\/143\/revisions\/1278"}],"wp:attachment":[{"href":"https:\/\/boxofdrama.com\/pt\/wp-json\/wp\/v2\/media?parent=143"}],"curies":[{"name":"wp","href":"https:\/\/api.w.org\/{rel}","templated":true}]}}