{"id":431,"date":"2025-07-01T14:22:41","date_gmt":"2025-07-01T14:22:41","guid":{"rendered":"https:\/\/boxofdrama.com\/services\/"},"modified":"2025-07-01T14:22:51","modified_gmt":"2025-07-01T14:22:51","slug":"services","status":"publish","type":"page","link":"https:\/\/boxofdrama.com\/pt\/services\/","title":{"rendered":"Servi\u00e7os"},"content":{"rendered":"<div class=\"wp-block-uagb-container uag-blocks-common-selector uagb-block-d8b2f056 alignfull uagb-is-root-container\"><div class=\"uagb-container-inner-blocks-wrap\">\n<div class=\"wp-block-uagb-advanced-heading uagb-block-6ff4f5ff\"><h1 class=\"uagb-heading-text\">Nossos Servi\u00e7os<\/h1><\/div>\n\n\n\n<div class=\"wp-block-uagb-image uagb-block-c43d2685 wp-block-uagb-image--layout-default wp-block-uagb-image--effect-static wp-block-uagb-image--align-none uag-blocks-common-selector\" style=\"--z-index-desktop:undefined;;--z-index-tablet:1;;--z-index-mobile:undefined;\"><figure class=\"wp-block-uagb-image__figure\"><img decoding=\"async\" srcset=\"https:\/\/boxofdrama.com\/wp-content\/uploads\/sites\/237\/2021\/05\/inner-page-hero-img.jpg ,https:\/\/boxofdrama.com\/wp-content\/uploads\/sites\/237\/2021\/05\/inner-page-hero-img.jpg 780w, https:\/\/boxofdrama.com\/wp-content\/uploads\/sites\/237\/2021\/05\/inner-page-hero-img.jpg 360w\" sizes=\"(max-width: 480px) 150px\" src=\"https:\/\/boxofdrama.com\/wp-content\/uploads\/sites\/237\/2021\/05\/inner-page-hero-img.jpg\" alt=\"\" class=\"uag-image-135\" width=\"600\" height=\"319\" title=\"\" loading=\"lazy\" role=\"img\"\/><\/figure><\/div>\n<\/div><\/div>\n\n\n\n<div class=\"wp-block-uagb-container uag-blocks-common-selector uagb-block-a66c3ec6 alignfull uagb-is-root-container\"><div class=\"uagb-container-inner-blocks-wrap\">\n<div class=\"wp-block-uagb-advanced-heading uagb-block-c33598ae\"><h2 class=\"uagb-heading-text\">Como podemos ajudar voc\u00ea?<\/h2><\/div>\n\n\n\n<div class=\"wp-block-uagb-container uagb-layout-grid uagb-block-d8cb1004 alignfull uagb-is-root-container\"><div class=\"uagb-container-inner-blocks-wrap\">\n<div class=\"wp-block-uagb-advanced-heading uagb-block-7ed9e7ca\"><h4 class=\"uagb-heading-text\">Coaching de Empreendedorismo<\/h4><\/div>\n\n\n\n<div class=\"wp-block-uagb-advanced-heading uagb-block-bfc193eb\"><p class=\"uagb-heading-text\">Como coaches profissionais de empreendedorismo, somos especialistas em equilibrar a linha t\u00eanue entre ser um l\u00edder de torcida e um realista implac\u00e1vel. Levamos voc\u00ea a novos patamares, \u00e0s vezes desconfort\u00e1veis, mas necess\u00e1rios para o crescimento e a escala do seu neg\u00f3cio. Acompanhamos voc\u00ea nos bons e maus momentos e garantimos que todos os objetivos sejam orientados ao crescimento, para que voc\u00ea comece a ver resultados rapidamente.<\/p><\/div>\n<\/div><\/div>\n\n\n\n<div class=\"wp-block-uagb-container uagb-layout-grid uagb-block-22ca80e3 alignfull uagb-is-root-container\"><div class=\"uagb-container-inner-blocks-wrap\">\n<div class=\"wp-block-uagb-advanced-heading uagb-block-3f370dc9\"><h4 class=\"uagb-heading-text\">Coaching Financeiro e Financeiro<\/h4><\/div>\n\n\n\n<div class=\"wp-block-uagb-advanced-heading uagb-block-982b4080\"><p class=\"uagb-heading-text\">Somos coaches financeiros e financeiros confi\u00e1veis, focados em melhorar a situa\u00e7\u00e3o financeira de clientes pessoais e empresariais. Nosso principal objetivo \u00e9 abordar tanto os n\u00fameros pretos quanto os brancos, bem como a rela\u00e7\u00e3o emocional com o dinheiro. Tamb\u00e9m ajudaremos voc\u00ea a elaborar um plano passo a passo para alcan\u00e7ar metas financeiras espec\u00edficas e desenvolver a mentalidade e os h\u00e1bitos necess\u00e1rios para o sucesso financeiro a longo prazo.<\/p><\/div>\n<\/div><\/div>\n\n\n\n<div class=\"wp-block-uagb-container uagb-layout-grid uagb-block-b233ec9c alignfull uagb-is-root-container\"><div class=\"uagb-container-inner-blocks-wrap\">\n<div class=\"wp-block-uagb-advanced-heading uagb-block-d7fb928e\"><h4 class=\"uagb-heading-text\">Coaching de Equipe<\/h4><\/div>\n\n\n\n<div class=\"wp-block-uagb-advanced-heading uagb-block-1bab5a13\"><p class=\"uagb-heading-text\">Como coaches de equipe, impulsionamos sua equipe a atingir um objetivo, seja concluir um projeto espec\u00edfico, iniciar uma nova unidade de neg\u00f3cios ou cumprir metas de vendas. Ajudaremos voc\u00ea a confrontar e lidar com fatores que destroem a equipe, como pensamento de grupo, microgerenciamento e conflitos n\u00e3o resolvidos, para construir uma equipe melhor para sua organiza\u00e7\u00e3o. Faremos perguntas que ajudar\u00e3o sua equipe a decidir o que \u00e9 melhor para ela.<\/p><\/div>\n<\/div><\/div>\n<\/div><\/div>\n\n\n\n<div class=\"wp-block-uagb-container uagb-block-05fd2311 alignfull uagb-is-root-container\"><div class=\"uagb-container-inner-blocks-wrap\">\n<div class=\"wp-block-uagb-info-box uagb-block-5f43401b uagb-infobox__content-wrap  uagb-infobox-icon-above-title uagb-infobox-image-valign-top wp-block-uagb-info-box--has-margin\"><div class=\"uagb-infobox-margin-wrapper\"><div class=\"uagb-ifb-content\"><div class=\"uagb-ifb-title-wrap\"><h2 class=\"uagb-ifb-title\">Supere seus obst\u00e1culos. Contrate Coaching Empresarial hoje mesmo!<\/h2><\/div><div class=\"uagb-ifb-button-wrapper wp-block-button\"><a href=\"#\" class=\"uagb-infobox-cta-link wp-block-button__link\" target=\"_self\" rel=\"noopener noreferrer\" onclick=\"return false;\"><span class=\"uagb-inline-editing\">consulta de livros<\/span><\/a><\/div><\/div><\/div><\/div>\n<\/div><\/div>","protected":false},"excerpt":{"rendered":"<p>Nossos Servi\u00e7os Como podemos ajudar voc\u00ea? Mentoria para Empreendedores Como mentores profissionais de empreendedorismo, somos especializados em trilhar o caminho entre [\u2026]<\/p>","protected":false},"author":2,"featured_media":0,"parent":0,"menu_order":0,"comment_status":"closed","ping_status":"closed","template":"","meta":{"_uag_custom_page_level_css":"","site-sidebar-layout":"no-sidebar","site-content-layout":"plain-container","ast-site-content-layout":"normal-width-container","site-content-style":"unboxed","site-sidebar-style":"unboxed","ast-global-header-display":"","ast-banner-title-visibility":"","ast-main-header-display":"","ast-hfb-above-header-display":"","ast-hfb-below-header-display":"","ast-hfb-mobile-header-display":"","site-post-title":"disabled","ast-breadcrumbs-content":"","ast-featured-img":"","footer-sml-layout":"","theme-transparent-header-meta":"default","adv-header-id-meta":"","stick-header-meta":"","header-above-stick-meta":"","header-main-stick-meta":"","header-below-stick-meta":"","astra-migrate-meta-layouts":"set","ast-page-background-enabled":"default","ast-page-background-meta":{"desktop":{"background-color":"var(--ast-global-color-4)","background-image":"","background-repeat":"repeat","background-position":"center center","background-size":"auto","background-attachment":"scroll","background-type":"","background-media":"","overlay-type":"","overlay-color":"","overlay-opacity":"","overlay-gradient":""},"tablet":{"background-color":"","background-image":"","background-repeat":"repeat","background-position":"center center","background-size":"auto","background-attachment":"scroll","background-type":"","background-media":"","overlay-type":"","overlay-color":"","overlay-opacity":"","overlay-gradient":""},"mobile":{"background-color":"","background-image":"","background-repeat":"repeat","background-position":"center center","background-size":"auto","background-attachment":"scroll","background-type":"","background-media":"","overlay-type":"","overlay-color":"","overlay-opacity":"","overlay-gradient":""}},"ast-content-background-meta":{"desktop":{"background-color":"var(--ast-global-color-5)","background-image":"","background-repeat":"repeat","background-position":"center center","background-size":"auto","background-attachment":"scroll","background-type":"","background-media":"","overlay-type":"","overlay-color":"","overlay-opacity":"","overlay-gradient":""},"tablet":{"background-color":"var(--ast-global-color-5)","background-image":"","background-repeat":"repeat","background-position":"center center","background-size":"auto","background-attachment":"scroll","background-type":"","background-media":"","overlay-type":"","overlay-color":"","overlay-opacity":"","overlay-gradient":""},"mobile":{"background-color":"var(--ast-global-color-5)","background-image":"","background-repeat":"repeat","background-position":"center center","background-size":"auto","background-attachment":"scroll","background-type":"","background-media":"","overlay-type":"","overlay-color":"","overlay-opacity":"","overlay-gradient":""}},"footnotes":""},"yoast_head":"<!-- This site is optimized with the Yoast SEO plugin v23.3 - https:\/\/yoast.com\/wordpress\/plugins\/seo\/ -->\n<title>Services - Box of Drama<\/title>\n<meta name=\"robots\" content=\"index, follow, max-snippet:-1, max-image-preview:large, max-video-preview:-1\" \/>\n<link rel=\"canonical\" href=\"https:\/\/boxofdrama.com\/pt\/services\/\" \/>\n<meta property=\"og:locale\" content=\"pt_BR\" \/>\n<meta property=\"og:type\" content=\"article\" \/>\n<meta property=\"og:title\" content=\"Services - Box of Drama\" \/>\n<meta property=\"og:description\" content=\"Our Services How can we help you?\u200b Entrepreneurship Coaching\u200b As professional entrepreneurship coaches we specialize in walking the line between [&hellip;]\" \/>\n<meta property=\"og:url\" content=\"https:\/\/boxofdrama.com\/pt\/services\/\" \/>\n<meta property=\"og:site_name\" content=\"Box of Drama\" \/>\n<meta property=\"article:modified_time\" content=\"2025-07-01T14:22:51+00:00\" \/>\n<meta property=\"og:image\" content=\"https:\/\/boxofdrama.com\/wp-content\/uploads\/sites\/237\/2021\/05\/inner-page-hero-img.jpg\" \/>\n<meta name=\"twitter:card\" content=\"summary_large_image\" \/>\n<meta name=\"twitter:label1\" content=\"Est. reading time\" \/>\n\t<meta name=\"twitter:data1\" content=\"2 minutos\" \/>\n<script type=\"application\/ld+json\" class=\"yoast-schema-graph\">{\"@context\":\"https:\/\/schema.org\",\"@graph\":[{\"@type\":\"WebPage\",\"@id\":\"https:\/\/boxofdrama.com\/services\/\",\"url\":\"https:\/\/boxofdrama.com\/services\/\",\"name\":\"Services - Box of Drama\",\"isPartOf\":{\"@id\":\"https:\/\/boxofdrama.com\/#website\"},\"primaryImageOfPage\":{\"@id\":\"https:\/\/boxofdrama.com\/services\/#primaryimage\"},\"image\":{\"@id\":\"https:\/\/boxofdrama.com\/services\/#primaryimage\"},\"thumbnailUrl\":\"https:\/\/boxofdrama.com\/wp-content\/uploads\/sites\/237\/2021\/05\/inner-page-hero-img.jpg\",\"datePublished\":\"2025-07-01T14:22:41+00:00\",\"dateModified\":\"2025-07-01T14:22:51+00:00\",\"breadcrumb\":{\"@id\":\"https:\/\/boxofdrama.com\/services\/#breadcrumb\"},\"inLanguage\":\"pt-BR\",\"potentialAction\":[{\"@type\":\"ReadAction\",\"target\":[\"https:\/\/boxofdrama.com\/services\/\"]}]},{\"@type\":\"ImageObject\",\"inLanguage\":\"pt-BR\",\"@id\":\"https:\/\/boxofdrama.com\/services\/#primaryimage\",\"url\":\"https:\/\/boxofdrama.com\/wp-content\/uploads\/sites\/237\/2021\/05\/inner-page-hero-img.jpg\",\"contentUrl\":\"https:\/\/boxofdrama.com\/wp-content\/uploads\/sites\/237\/2021\/05\/inner-page-hero-img.jpg\"},{\"@type\":\"BreadcrumbList\",\"@id\":\"https:\/\/boxofdrama.com\/services\/#breadcrumb\",\"itemListElement\":[{\"@type\":\"ListItem\",\"position\":1,\"name\":\"Home\",\"item\":\"https:\/\/boxofdrama.com\/\"},{\"@type\":\"ListItem\",\"position\":2,\"name\":\"Services\"}]},{\"@type\":\"WebSite\",\"@id\":\"https:\/\/boxofdrama.com\/#website\",\"url\":\"https:\/\/boxofdrama.com\/\",\"name\":\"Box of Drama\",\"description\":\"\",\"publisher\":{\"@id\":\"https:\/\/boxofdrama.com\/#organization\"},\"potentialAction\":[{\"@type\":\"SearchAction\",\"target\":{\"@type\":\"EntryPoint\",\"urlTemplate\":\"https:\/\/boxofdrama.com\/?s={search_term_string}\"},\"query-input\":\"required name=search_term_string\"}],\"inLanguage\":\"pt-BR\"},{\"@type\":\"Organization\",\"@id\":\"https:\/\/boxofdrama.com\/#organization\",\"name\":\"Box of Drama\",\"url\":\"https:\/\/boxofdrama.com\/\",\"logo\":{\"@type\":\"ImageObject\",\"inLanguage\":\"pt-BR\",\"@id\":\"https:\/\/boxofdrama.com\/#\/schema\/logo\/image\/\",\"url\":\"https:\/\/boxofdrama.com\/wp-content\/uploads\/sites\/237\/2025\/05\/cropped-box-of-drama-3.png\",\"contentUrl\":\"https:\/\/boxofdrama.com\/wp-content\/uploads\/sites\/237\/2025\/05\/cropped-box-of-drama-3.png\",\"width\":1023,\"height\":1023,\"caption\":\"Box of Drama\"},\"image\":{\"@id\":\"https:\/\/boxofdrama.com\/#\/schema\/logo\/image\/\"}}]}<\/script>\n<!-- \/ Yoast SEO plugin. -->","yoast_head_json":{"title":"Services - Box of Drama","robots":{"index":"index","follow":"follow","max-snippet":"max-snippet:-1","max-image-preview":"max-image-preview:large","max-video-preview":"max-video-preview:-1"},"canonical":"https:\/\/boxofdrama.com\/pt\/services\/","og_locale":"pt_BR","og_type":"article","og_title":"Services - Box of Drama","og_description":"Our Services How can we help you?\u200b Entrepreneurship Coaching\u200b As professional entrepreneurship coaches we specialize in walking the line between [&hellip;]","og_url":"https:\/\/boxofdrama.com\/pt\/services\/","og_site_name":"Box of Drama","article_modified_time":"2025-07-01T14:22:51+00:00","og_image":[{"url":"https:\/\/boxofdrama.com\/wp-content\/uploads\/sites\/237\/2021\/05\/inner-page-hero-img.jpg"}],"twitter_card":"summary_large_image","twitter_misc":{"Est. reading time":"2 minutos"},"schema":{"@context":"https:\/\/schema.org","@graph":[{"@type":"WebPage","@id":"https:\/\/boxofdrama.com\/services\/","url":"https:\/\/boxofdrama.com\/services\/","name":"Services - Box of Drama","isPartOf":{"@id":"https:\/\/boxofdrama.com\/#website"},"primaryImageOfPage":{"@id":"https:\/\/boxofdrama.com\/services\/#primaryimage"},"image":{"@id":"https:\/\/boxofdrama.com\/services\/#primaryimage"},"thumbnailUrl":"https:\/\/boxofdrama.com\/wp-content\/uploads\/sites\/237\/2021\/05\/inner-page-hero-img.jpg","datePublished":"2025-07-01T14:22:41+00:00","dateModified":"2025-07-01T14:22:51+00:00","breadcrumb":{"@id":"https:\/\/boxofdrama.com\/services\/#breadcrumb"},"inLanguage":"pt-BR","potentialAction":[{"@type":"ReadAction","target":["https:\/\/boxofdrama.com\/services\/"]}]},{"@type":"ImageObject","inLanguage":"pt-BR","@id":"https:\/\/boxofdrama.com\/services\/#primaryimage","url":"https:\/\/boxofdrama.com\/wp-content\/uploads\/sites\/237\/2021\/05\/inner-page-hero-img.jpg","contentUrl":"https:\/\/boxofdrama.com\/wp-content\/uploads\/sites\/237\/2021\/05\/inner-page-hero-img.jpg"},{"@type":"BreadcrumbList","@id":"https:\/\/boxofdrama.com\/services\/#breadcrumb","itemListElement":[{"@type":"ListItem","position":1,"name":"Home","item":"https:\/\/boxofdrama.com\/"},{"@type":"ListItem","position":2,"name":"Services"}]},{"@type":"WebSite","@id":"https:\/\/boxofdrama.com\/#website","url":"https:\/\/boxofdrama.com\/","name":"Box of Drama","description":"","publisher":{"@id":"https:\/\/boxofdrama.com\/#organization"},"potentialAction":[{"@type":"SearchAction","target":{"@type":"EntryPoint","urlTemplate":"https:\/\/boxofdrama.com\/?s={search_term_string}"},"query-input":"required name=search_term_string"}],"inLanguage":"pt-BR"},{"@type":"Organization","@id":"https:\/\/boxofdrama.com\/#organization","name":"Box of Drama","url":"https:\/\/boxofdrama.com\/","logo":{"@type":"ImageObject","inLanguage":"pt-BR","@id":"https:\/\/boxofdrama.com\/#\/schema\/logo\/image\/","url":"https:\/\/boxofdrama.com\/wp-content\/uploads\/sites\/237\/2025\/05\/cropped-box-of-drama-3.png","contentUrl":"https:\/\/boxofdrama.com\/wp-content\/uploads\/sites\/237\/2025\/05\/cropped-box-of-drama-3.png","width":1023,"height":1023,"caption":"Box of Drama"},"image":{"@id":"https:\/\/boxofdrama.com\/#\/schema\/logo\/image\/"}}]}},"uagb_featured_image_src":{"full":false,"thumbnail":false,"medium":false,"medium_large":false,"large":false,"1536x1536":false,"2048x2048":false,"trp-custom-language-flag":false},"uagb_author_info":{"display_name":"lcgianni","author_link":"https:\/\/boxofdrama.com\/pt\/author\/lcgianni\/"},"uagb_comment_info":0,"uagb_excerpt":"Our Services How can we help you?\u200b Entrepreneurship Coaching\u200b As professional entrepreneurship coaches we specialize in walking the line between [&hellip;]","_links":{"self":[{"href":"https:\/\/boxofdrama.com\/pt\/wp-json\/wp\/v2\/pages\/431"}],"collection":[{"href":"https:\/\/boxofdrama.com\/pt\/wp-json\/wp\/v2\/pages"}],"about":[{"href":"https:\/\/boxofdrama.com\/pt\/wp-json\/wp\/v2\/types\/page"}],"author":[{"embeddable":true,"href":"https:\/\/boxofdrama.com\/pt\/wp-json\/wp\/v2\/users\/2"}],"replies":[{"embeddable":true,"href":"https:\/\/boxofdrama.com\/pt\/wp-json\/wp\/v2\/comments?post=431"}],"version-history":[{"count":1,"href":"https:\/\/boxofdrama.com\/pt\/wp-json\/wp\/v2\/pages\/431\/revisions"}],"predecessor-version":[{"id":436,"href":"https:\/\/boxofdrama.com\/pt\/wp-json\/wp\/v2\/pages\/431\/revisions\/436"}],"wp:attachment":[{"href":"https:\/\/boxofdrama.com\/pt\/wp-json\/wp\/v2\/media?parent=431"}],"curies":[{"name":"wp","href":"https:\/\/api.w.org\/{rel}","templated":true}]}}